{"id":27,"date":"2024-03-22T16:23:13","date_gmt":"2024-03-22T16:23:13","guid":{"rendered":"https:\/\/staging.henghes.org\/?page_id=27"},"modified":"2024-03-23T21:00:19","modified_gmt":"2024-03-23T21:00:19","slug":"home","status":"publish","type":"page","link":"https:\/\/henghes.org\/","title":{"rendered":"Home"},"content":{"rendered":"<!--themify_builder_content-->\n<div id=\"themify_builder_content-27\" data-postid=\"27\" class=\"themify_builder_content themify_builder_content-27 themify_builder tf_clear\">\n    \t\t\t\t<div  data-lazy=\"1\" class=\"module_row themify_builder_row tb_znws643 tb_first tf_w hide-desktop hide-tablet_landscape\">\n\t\t\t\t\t\t<div class=\"row_inner col_align_top tb_col_count_2 tf_box tf_rel\">\n\t\t\t\t\t\t<div  data-lazy=\"1\" class=\"module_column tb-column col4-2 tb_y1kq889 first\">\n\t\t\t\t\t<!-- module plain text -->\n<div  class=\"module module-plain-text tb_16em889 \" data-lazy=\"1\">\n        <div class=\"tb_text_wrap\">\n\t<ul class=\"bogo-language-switcher list-view\"><li class=\"en-GB en first\"><span class=\"bogoflags bogoflags-gb\"><\/span> <span class=\"bogo-language-name\"><a rel=\"alternate\" hreflang=\"en-GB\" href=\"https:\/\/henghes.org\/wp-json\/wp\/v2\/pages\/27\/\" title=\"English\">English<\/a><\/span><\/li>\n<li class=\"fr-FR fr current last\"><span class=\"bogoflags bogoflags-fr\"><\/span> <span class=\"bogo-language-name\"><a rel=\"alternate\" hreflang=\"fr-FR\" href=\"https:\/\/henghes.org\/fr\/wp-json\/wp\/v2\/pages\/27\/\" title=\"French\" class=\"current\" aria-current=\"page\">Fran\u00e7ais<\/a><\/span><\/li>\n<\/ul>    <\/div>\n<\/div>\n<!-- \/module plain text --><!-- module image -->\n<div  class=\"module module-image tb_i9bh889 image-top   tf_mw\" data-lazy=\"1\">\n        <div class=\"image-wrap tf_rel tf_mw\">\n\t\t    <img loading=\"lazy\" decoding=\"async\" width=\"675\" height=\"957\" src=\"https:\/\/henghes.org\/wp-content\/uploads\/2024\/03\/FLYER-HenghesCEF-5au-A5.webp\" class=\"wp-post-image wp-image-62\" title=\"FLYER HenghesCEF-5au-A5\" alt=\"FLYER HenghesCEF-5au-A5\" srcset=\"https:\/\/henghes.org\/wp-content\/uploads\/2024\/03\/FLYER-HenghesCEF-5au-A5.webp 675w, https:\/\/henghes.org\/wp-content\/uploads\/2024\/03\/FLYER-HenghesCEF-5au-A5-212x300.webp 212w\" sizes=\"auto, (max-width: 675px) 100vw, 675px\" \/>\t\n\t\t<\/div>\n\t<!-- \/image-wrap -->\n    \n    \t<\/div>\n<!-- \/module image -->\t\t<\/div>\n\t\t\t\t\t<div  data-lazy=\"1\" class=\"module_column tb-column col4-2 tb_3ibd644 last\">\n\t\t\t\t\t<!-- module text -->\n<div  class=\"module module-text tb_dmnn988   \" data-lazy=\"1\">\n\t    <div  class=\"tb_text_wrap\">\n\t\t<h1>Heinz Henghes<\/h1><p>Henghes est un sculpteur qui a v\u00e9cu de 1906 \u00e0 1975. Ce site vous permettra de d\u00e9couvrir l&rsquo;artiste et <a href=\"http:\/\/henghes.org\/work.htm\">son \u0153uvre<\/a>.<\/p><p><a href=\"http:\/\/henghes.org\/eng\/chronology.html\">Une chronologie<\/a><br \/>La vie de Heinz Henghes ann\u00e9e par ann\u00e9e<\/p><p><a href=\"http:\/\/henghes.org\/eng\/connections.html\">Connexions<\/a><br \/>Sculpteurs, artistes, \u00e9crivains et autres personnes connues de Heinz Henghes, class\u00e9s par ordre chronologique avec des liens vers des sites externes.<\/p><p>Expositions : <br \/><a href=\"http:\/\/henghes.org\/england_exhib\/index.html\">England &amp; co<\/a>. Printemps 2006<br \/><a href=\"http:\/\/henghes.org\/orleans_exhib\/index.html\">Orl\u00e9ans House<\/a> Automne 2006<br \/><a href=\"http:\/\/henghes.org\/tursac\/index.html\">Hommage \u00e0 H. Henghes<\/a> Ao\u00fbt 2008<\/p><p><a href=\"http:\/\/henghes.org\/eng\/como_pool.html\">La Piscina &#8211; 1957<\/a><br \/>La sculpture de Henghes dans le paysage italien<\/p><p><a href=\"http:\/\/henghes.org\/eng\/blackeggs.html\">Maintenir l&rsquo;incertitude<\/a><br \/>Heinz Henghes sur la sculpture (en Anglais)<\/p><p><a href=\"http:\/\/henghes.org\/eng\/keinvolk.html\">Kein Volk Traegt Uns<\/a><br \/>Heinz Henghes sur Herbert Read, l&rsquo;art et la soci\u00e9t\u00e9 et les origines de son propre travail sur le marbre (en Anglais)<\/p><p><a href=\"http:\/\/henghes.org\/album1\/index.html\">Photos de Heinz Henghes<\/a><br \/>Une s\u00e9lection d&rsquo;images de l&rsquo;artiste.<\/p><p><a href=\"http:\/\/henghes.org\/eng\/southernarts76.html\">Heinz<\/a><br \/>Souvenirs de Teresa Gleadowe (en Anglais)<\/p><p><a href=\"http:\/\/henghes.org\/eng\/bp_poem.html\">Un po\u00e8me fantastique pour HH<\/a><br \/>par Brian Patten (en Anglais)<\/p><p><a href=\"http:\/\/henghes.org\/eng\/0303newdirections.html\">Heinz Henghes, Ezra Pound et le colophon des New Directions<\/a><\/p><p><a href=\"http:\/\/henghes.org\/eng\/southernarts73.html\">Conversation avec Heinz Henghes<\/a><br \/>Une interview de 1973 (en Anglais)<\/p>    <\/div>\n<\/div>\n<!-- \/module text -->\t\t<\/div>\n\t\t\t\t\t\t<\/div>\n\t\t<\/div>\n\t\t\t\t\t\t<div  data-lazy=\"1\" class=\"module_row themify_builder_row tb_du6s207 tf_w hide-tablet hide-mobile\">\n\t\t\t\t\t\t<div class=\"row_inner col_align_top tb_col_count_2 tf_box tf_rel\">\n\t\t\t\t\t\t<div  data-lazy=\"1\" class=\"module_column tb-column col4-2 tb_7x17207 first\">\n\t\t\t\t\t<!-- module text -->\n<div  class=\"module module-text tb_ackp207   \" data-lazy=\"1\">\n\t    <div  class=\"tb_text_wrap\">\n\t\t<h1>Heinz Henghes<\/h1><p>Henghes est un sculpteur qui a v\u00e9cu de 1906 \u00e0 1975. Ce site vous permettra de d\u00e9couvrir l&rsquo;artiste et <a href=\"http:\/\/henghes.org\/work.htm\">son \u0153uvre<\/a>.<\/p><p><a href=\"http:\/\/henghes.org\/eng\/chronology.html\">Une chronologie<\/a><br \/>La vie de Heinz Henghes ann\u00e9e par ann\u00e9e<\/p><p><a href=\"http:\/\/henghes.org\/eng\/connections.html\">Connexions<\/a><br \/>Sculpteurs, artistes, \u00e9crivains et autres personnes connues de Heinz Henghes, class\u00e9s par ordre chronologique avec des liens vers des sites externes.<\/p><p>Expositions : <br \/><a href=\"http:\/\/henghes.org\/england_exhib\/index.html\">England &amp; co<\/a>. Printemps 2006<br \/><a href=\"http:\/\/henghes.org\/orleans_exhib\/index.html\">Orl\u00e9ans House<\/a> Automne 2006<br \/><a href=\"http:\/\/henghes.org\/tursac\/index.html\">Hommage \u00e0 H. Henghes<\/a> Ao\u00fbt 2008<\/p><p><a href=\"http:\/\/henghes.org\/eng\/como_pool.html\">La Piscina &#8211; 1957<\/a><br \/>La sculpture de Henghes dans le paysage italien<\/p><p><a href=\"http:\/\/henghes.org\/eng\/blackeggs.html\">Maintenir l&rsquo;incertitude<\/a><br \/>Heinz Henghes sur la sculpture (en Anglais)<\/p><p><a href=\"http:\/\/henghes.org\/eng\/keinvolk.html\">Kein Volk Traegt Uns<\/a><br \/>Heinz Henghes sur Herbert Read, l&rsquo;art et la soci\u00e9t\u00e9 et les origines de son propre travail sur le marbre (en Anglais)<\/p><p><a href=\"http:\/\/henghes.org\/album1\/index.html\">Photos de Heinz Henghes<\/a><br \/>Une s\u00e9lection d&rsquo;images de l&rsquo;artiste.<\/p><p><a href=\"http:\/\/henghes.org\/eng\/southernarts76.html\">Heinz<\/a><br \/>Souvenirs de Teresa Gleadowe (en Anglais)<\/p><p><a href=\"http:\/\/henghes.org\/eng\/bp_poem.html\">Un po\u00e8me fantastique pour HH<\/a><br \/>par Brian Patten (en Anglais)<\/p><p><a href=\"http:\/\/henghes.org\/eng\/0303newdirections.html\">Heinz Henghes, Ezra Pound et le colophon des New Directions<\/a><\/p><p><a href=\"http:\/\/henghes.org\/eng\/southernarts73.html\">Conversation avec Heinz Henghes<\/a><br \/>Une interview de 1973 (en Anglais)<\/p>    <\/div>\n<\/div>\n<!-- \/module text -->\t\t<\/div>\n\t\t\t\t\t<div  data-lazy=\"1\" class=\"module_column tb-column col4-2 tb_xy56207 last\">\n\t\t\t\t\t<!-- module plain text -->\n<div  class=\"module module-plain-text tb_rst1207 \" data-lazy=\"1\">\n        <div class=\"tb_text_wrap\">\n\t<ul class=\"bogo-language-switcher list-view\"><li class=\"en-GB en first\"><span class=\"bogoflags bogoflags-gb\"><\/span> <span class=\"bogo-language-name\"><a rel=\"alternate\" hreflang=\"en-GB\" href=\"https:\/\/henghes.org\/wp-json\/wp\/v2\/pages\/27\/\" title=\"English\">English<\/a><\/span><\/li>\n<li class=\"fr-FR fr current last\"><span class=\"bogoflags bogoflags-fr\"><\/span> <span class=\"bogo-language-name\"><a rel=\"alternate\" hreflang=\"fr-FR\" href=\"https:\/\/henghes.org\/fr\/wp-json\/wp\/v2\/pages\/27\/\" title=\"French\" class=\"current\" aria-current=\"page\">Fran\u00e7ais<\/a><\/span><\/li>\n<\/ul>    <\/div>\n<\/div>\n<!-- \/module plain text --><!-- module image -->\n<div  class=\"module module-image tb_b2wi207 image-top   tf_mw\" data-lazy=\"1\">\n        <div class=\"image-wrap tf_rel tf_mw\">\n\t\t    <img loading=\"lazy\" decoding=\"async\" width=\"675\" height=\"957\" src=\"https:\/\/henghes.org\/wp-content\/uploads\/2024\/03\/FLYER-HenghesCEF-5au-A5.webp\" class=\"wp-post-image wp-image-62\" title=\"FLYER HenghesCEF-5au-A5\" alt=\"FLYER HenghesCEF-5au-A5\" srcset=\"https:\/\/henghes.org\/wp-content\/uploads\/2024\/03\/FLYER-HenghesCEF-5au-A5.webp 675w, https:\/\/henghes.org\/wp-content\/uploads\/2024\/03\/FLYER-HenghesCEF-5au-A5-212x300.webp 212w\" sizes=\"auto, (max-width: 675px) 100vw, 675px\" \/>\t\n\t\t<\/div>\n\t<!-- \/image-wrap -->\n    \n    \t<\/div>\n<!-- \/module image -->\t\t<\/div>\n\t\t\t\t\t\t<\/div>\n\t\t<\/div>\n\t\t<\/div>\n<!--\/themify_builder_content-->","protected":false},"excerpt":{"rendered":"<p>Heinz HenghesHenghes est un sculpteur qui a v\u00e9cu de 1906 \u00e0 1975. Ce site vous permettra de d\u00e9couvrir l&rsquo;artiste et son \u0153uvre.Une chronologieLa vie de Heinz Henghes ann\u00e9e par ann\u00e9eConnexionsSculpteurs, artistes, \u00e9crivains et autres personnes connues de Heinz Henghes, class\u00e9s par ordre chronologique avec des liens vers des sites externes.Expositions : England &amp; co. Printemps [&hellip;]<\/p>\n","protected":false},"author":1,"featured_media":0,"parent":0,"menu_order":0,"comment_status":"closed","ping_status":"closed","template":"","meta":{"_locale":"fr_FR","_original_post":"https:\/\/henghes.org\/home\/","footnotes":""},"class_list":["post-27","page","type-page","status-publish","hentry","fr-FR","has-post-title","has-post-date","has-post-category","has-post-tag","has-post-comment","has-post-author",""],"yoast_head":"<!-- This site is optimized with the Yoast SEO plugin v22.3 - https:\/\/yoast.com\/wordpress\/plugins\/seo\/ -->\n<title>Home - Heinz Henghes<\/title>\n<meta name=\"robots\" content=\"index, follow, max-snippet:-1, max-image-preview:large, max-video-preview:-1\" \/>\n<link rel=\"canonical\" href=\"https:\/\/henghes.org\/fr\/\" \/>\n<meta property=\"og:locale\" content=\"fr_FR\" \/>\n<meta property=\"og:type\" content=\"article\" \/>\n<meta property=\"og:title\" content=\"Home - Heinz Henghes\" \/>\n<meta property=\"og:description\" content=\"Heinz HenghesHenghes est un sculpteur qui a v\u00e9cu de 1906 \u00e0 1975. Ce site vous permettra de d\u00e9couvrir l&#039;artiste et son \u0153uvre.Une chronologieLa vie de Heinz Henghes ann\u00e9e par ann\u00e9eConnexionsSculpteurs, artistes, \u00e9crivains et autres personnes connues de Heinz Henghes, class\u00e9s par ordre chronologique avec des liens vers des sites externes.Expositions : England &amp; co. Printemps [&hellip;]\" \/>\n<meta property=\"og:url\" content=\"https:\/\/henghes.org\/fr\/\" \/>\n<meta property=\"og:site_name\" content=\"Heinz Henghes\" \/>\n<meta property=\"article:modified_time\" content=\"2024-03-23T21:00:19+00:00\" \/>\n<meta property=\"og:image\" content=\"https:\/\/henghes.org\/wp-content\/uploads\/2024\/03\/FLYER-HenghesCEF-5au-A5.webp\" \/>\n<meta name=\"twitter:card\" content=\"summary_large_image\" \/>\n<meta name=\"twitter:label1\" content=\"Dur\u00e9e de lecture estim\u00e9e\" \/>\n\t<meta name=\"twitter:data1\" content=\"2 minutes\" \/>\n<script type=\"application\/ld+json\" class=\"yoast-schema-graph\">{\"@context\":\"https:\/\/schema.org\",\"@graph\":[{\"@type\":\"WebPage\",\"@id\":\"https:\/\/henghes.org\/fr\/\",\"url\":\"https:\/\/henghes.org\/fr\/\",\"name\":\"Home - Heinz Henghes\",\"isPartOf\":{\"@id\":\"https:\/\/henghes.org\/#website\"},\"primaryImageOfPage\":{\"@id\":\"https:\/\/henghes.org\/fr\/#primaryimage\"},\"image\":{\"@id\":\"https:\/\/henghes.org\/fr\/#primaryimage\"},\"thumbnailUrl\":\"https:\/\/henghes.org\/wp-content\/uploads\/2024\/03\/FLYER-HenghesCEF-5au-A5.webp\",\"datePublished\":\"2024-03-22T16:23:13+00:00\",\"dateModified\":\"2024-03-23T21:00:19+00:00\",\"breadcrumb\":{\"@id\":\"https:\/\/henghes.org\/fr\/#breadcrumb\"},\"inLanguage\":\"fr-FR\",\"potentialAction\":[{\"@type\":\"ReadAction\",\"target\":[\"https:\/\/henghes.org\/fr\/\"]}]},{\"@type\":\"ImageObject\",\"inLanguage\":\"fr-FR\",\"@id\":\"https:\/\/henghes.org\/fr\/#primaryimage\",\"url\":\"https:\/\/henghes.org\/wp-content\/uploads\/2024\/03\/FLYER-HenghesCEF-5au-A5.webp\",\"contentUrl\":\"https:\/\/henghes.org\/wp-content\/uploads\/2024\/03\/FLYER-HenghesCEF-5au-A5.webp\",\"width\":675,\"height\":957},{\"@type\":\"BreadcrumbList\",\"@id\":\"https:\/\/henghes.org\/fr\/#breadcrumb\",\"itemListElement\":[{\"@type\":\"ListItem\",\"position\":1,\"name\":\"Home\",\"item\":\"https:\/\/henghes.org\/fr\/\"},{\"@type\":\"ListItem\",\"position\":2,\"name\":\"Home\"}]},{\"@type\":\"WebSite\",\"@id\":\"https:\/\/henghes.org\/#website\",\"url\":\"https:\/\/henghes.org\/\",\"name\":\"Heinz Henghes\",\"description\":\"\",\"potentialAction\":[{\"@type\":\"SearchAction\",\"target\":{\"@type\":\"EntryPoint\",\"urlTemplate\":\"https:\/\/henghes.org\/?s={search_term_string}\"},\"query-input\":\"required name=search_term_string\"}],\"inLanguage\":\"fr-FR\"}]}<\/script>\n<!-- \/ Yoast SEO plugin. -->","yoast_head_json":{"title":"Home - Heinz Henghes","robots":{"index":"index","follow":"follow","max-snippet":"max-snippet:-1","max-image-preview":"max-image-preview:large","max-video-preview":"max-video-preview:-1"},"canonical":"https:\/\/henghes.org\/fr\/","og_locale":"fr_FR","og_type":"article","og_title":"Home - Heinz Henghes","og_description":"Heinz HenghesHenghes est un sculpteur qui a v\u00e9cu de 1906 \u00e0 1975. Ce site vous permettra de d\u00e9couvrir l'artiste et son \u0153uvre.Une chronologieLa vie de Heinz Henghes ann\u00e9e par ann\u00e9eConnexionsSculpteurs, artistes, \u00e9crivains et autres personnes connues de Heinz Henghes, class\u00e9s par ordre chronologique avec des liens vers des sites externes.Expositions : England &amp; co. Printemps [&hellip;]","og_url":"https:\/\/henghes.org\/fr\/","og_site_name":"Heinz Henghes","article_modified_time":"2024-03-23T21:00:19+00:00","og_image":[{"url":"https:\/\/henghes.org\/wp-content\/uploads\/2024\/03\/FLYER-HenghesCEF-5au-A5.webp"}],"twitter_card":"summary_large_image","twitter_misc":{"Dur\u00e9e de lecture estim\u00e9e":"2 minutes"},"schema":{"@context":"https:\/\/schema.org","@graph":[{"@type":"WebPage","@id":"https:\/\/henghes.org\/fr\/","url":"https:\/\/henghes.org\/fr\/","name":"Home - Heinz Henghes","isPartOf":{"@id":"https:\/\/henghes.org\/#website"},"primaryImageOfPage":{"@id":"https:\/\/henghes.org\/fr\/#primaryimage"},"image":{"@id":"https:\/\/henghes.org\/fr\/#primaryimage"},"thumbnailUrl":"https:\/\/henghes.org\/wp-content\/uploads\/2024\/03\/FLYER-HenghesCEF-5au-A5.webp","datePublished":"2024-03-22T16:23:13+00:00","dateModified":"2024-03-23T21:00:19+00:00","breadcrumb":{"@id":"https:\/\/henghes.org\/fr\/#breadcrumb"},"inLanguage":"fr-FR","potentialAction":[{"@type":"ReadAction","target":["https:\/\/henghes.org\/fr\/"]}]},{"@type":"ImageObject","inLanguage":"fr-FR","@id":"https:\/\/henghes.org\/fr\/#primaryimage","url":"https:\/\/henghes.org\/wp-content\/uploads\/2024\/03\/FLYER-HenghesCEF-5au-A5.webp","contentUrl":"https:\/\/henghes.org\/wp-content\/uploads\/2024\/03\/FLYER-HenghesCEF-5au-A5.webp","width":675,"height":957},{"@type":"BreadcrumbList","@id":"https:\/\/henghes.org\/fr\/#breadcrumb","itemListElement":[{"@type":"ListItem","position":1,"name":"Home","item":"https:\/\/henghes.org\/fr\/"},{"@type":"ListItem","position":2,"name":"Home"}]},{"@type":"WebSite","@id":"https:\/\/henghes.org\/#website","url":"https:\/\/henghes.org\/","name":"Heinz Henghes","description":"","potentialAction":[{"@type":"SearchAction","target":{"@type":"EntryPoint","urlTemplate":"https:\/\/henghes.org\/?s={search_term_string}"},"query-input":"required name=search_term_string"}],"inLanguage":"fr-FR"}]}},"builder_content":"[bogo]\n<img src=\"https:\/\/henghes.org\/wp-content\/uploads\/2024\/03\/FLYER-HenghesCEF-5au-A5.webp\" title=\"FLYER HenghesCEF-5au-A5\" alt=\"FLYER HenghesCEF-5au-A5\" srcset=\"https:\/\/henghes.org\/wp-content\/uploads\/2024\/03\/FLYER-HenghesCEF-5au-A5.webp 675w, https:\/\/henghes.org\/wp-content\/uploads\/2024\/03\/FLYER-HenghesCEF-5au-A5-212x300.webp 212w\" sizes=\"(max-width: 675px) 100vw, 675px\" \/>\n<h1>Heinz Henghes<\/h1><p>Henghes est un sculpteur qui a v\u00e9cu de 1906 \u00e0 1975. Ce site vous permettra de d\u00e9couvrir l'artiste et <a href=\"http:\/\/henghes.org\/work.htm\">son \u0153uvre<\/a>.<\/p><p><a href=\"http:\/\/henghes.org\/eng\/chronology.html\">Une chronologie<\/a><br \/>La vie de Heinz Henghes ann\u00e9e par ann\u00e9e<\/p><p><a href=\"http:\/\/henghes.org\/eng\/connections.html\">Connexions<\/a><br \/>Sculpteurs, artistes, \u00e9crivains et autres personnes connues de Heinz Henghes, class\u00e9s par ordre chronologique avec des liens vers des sites externes.<\/p><p>Expositions : <br \/><a href=\"http:\/\/henghes.org\/england_exhib\/index.html\">England &amp; co<\/a>. Printemps 2006<br \/><a href=\"http:\/\/henghes.org\/orleans_exhib\/index.html\">Orl\u00e9ans House<\/a> Automne 2006<br \/><a href=\"http:\/\/henghes.org\/tursac\/index.html\">Hommage \u00e0 H. Henghes<\/a> Ao\u00fbt 2008<\/p><p><a href=\"http:\/\/henghes.org\/eng\/como_pool.html\">La Piscina - 1957<\/a><br \/>La sculpture de Henghes dans le paysage italien<\/p><p><a href=\"http:\/\/henghes.org\/eng\/blackeggs.html\">Maintenir l'incertitude<\/a><br \/>Heinz Henghes sur la sculpture (en Anglais)<\/p><p><a href=\"http:\/\/henghes.org\/eng\/keinvolk.html\">Kein Volk Traegt Uns<\/a><br \/>Heinz Henghes sur Herbert Read, l'art et la soci\u00e9t\u00e9 et les origines de son propre travail sur le marbre (en Anglais)<\/p><p><a href=\"http:\/\/henghes.org\/album1\/index.html\">Photos de Heinz Henghes<\/a><br \/>Une s\u00e9lection d'images de l'artiste.<\/p><p><a href=\"http:\/\/henghes.org\/eng\/southernarts76.html\">Heinz<\/a><br \/>Souvenirs de Teresa Gleadowe (en Anglais)<\/p><p><a href=\"http:\/\/henghes.org\/eng\/bp_poem.html\">Un po\u00e8me fantastique pour HH<\/a><br \/>par Brian Patten (en Anglais)<\/p><p><a href=\"http:\/\/henghes.org\/eng\/0303newdirections.html\">Heinz Henghes, Ezra Pound et le colophon des New Directions<\/a><\/p><p><a href=\"http:\/\/henghes.org\/eng\/southernarts73.html\">Conversation avec Heinz Henghes<\/a><br \/>Une interview de 1973 (en Anglais)<\/p>\n<h1>Heinz Henghes<\/h1><p>Henghes est un sculpteur qui a v\u00e9cu de 1906 \u00e0 1975. Ce site vous permettra de d\u00e9couvrir l'artiste et <a href=\"http:\/\/henghes.org\/work.htm\">son \u0153uvre<\/a>.<\/p><p><a href=\"http:\/\/henghes.org\/eng\/chronology.html\">Une chronologie<\/a><br \/>La vie de Heinz Henghes ann\u00e9e par ann\u00e9e<\/p><p><a href=\"http:\/\/henghes.org\/eng\/connections.html\">Connexions<\/a><br \/>Sculpteurs, artistes, \u00e9crivains et autres personnes connues de Heinz Henghes, class\u00e9s par ordre chronologique avec des liens vers des sites externes.<\/p><p>Expositions : <br \/><a href=\"http:\/\/henghes.org\/england_exhib\/index.html\">England &amp; co<\/a>. Printemps 2006<br \/><a href=\"http:\/\/henghes.org\/orleans_exhib\/index.html\">Orl\u00e9ans House<\/a> Automne 2006<br \/><a href=\"http:\/\/henghes.org\/tursac\/index.html\">Hommage \u00e0 H. Henghes<\/a> Ao\u00fbt 2008<\/p><p><a href=\"http:\/\/henghes.org\/eng\/como_pool.html\">La Piscina - 1957<\/a><br \/>La sculpture de Henghes dans le paysage italien<\/p><p><a href=\"http:\/\/henghes.org\/eng\/blackeggs.html\">Maintenir l'incertitude<\/a><br \/>Heinz Henghes sur la sculpture (en Anglais)<\/p><p><a href=\"http:\/\/henghes.org\/eng\/keinvolk.html\">Kein Volk Traegt Uns<\/a><br \/>Heinz Henghes sur Herbert Read, l'art et la soci\u00e9t\u00e9 et les origines de son propre travail sur le marbre (en Anglais)<\/p><p><a href=\"http:\/\/henghes.org\/album1\/index.html\">Photos de Heinz Henghes<\/a><br \/>Une s\u00e9lection d'images de l'artiste.<\/p><p><a href=\"http:\/\/henghes.org\/eng\/southernarts76.html\">Heinz<\/a><br \/>Souvenirs de Teresa Gleadowe (en Anglais)<\/p><p><a href=\"http:\/\/henghes.org\/eng\/bp_poem.html\">Un po\u00e8me fantastique pour HH<\/a><br \/>par Brian Patten (en Anglais)<\/p><p><a href=\"http:\/\/henghes.org\/eng\/0303newdirections.html\">Heinz Henghes, Ezra Pound et le colophon des New Directions<\/a><\/p><p><a href=\"http:\/\/henghes.org\/eng\/southernarts73.html\">Conversation avec Heinz Henghes<\/a><br \/>Une interview de 1973 (en Anglais)<\/p>\n[bogo]\n<img src=\"https:\/\/henghes.org\/wp-content\/uploads\/2024\/03\/FLYER-HenghesCEF-5au-A5.webp\" title=\"FLYER HenghesCEF-5au-A5\" alt=\"FLYER HenghesCEF-5au-A5\" srcset=\"https:\/\/henghes.org\/wp-content\/uploads\/2024\/03\/FLYER-HenghesCEF-5au-A5.webp 675w, https:\/\/henghes.org\/wp-content\/uploads\/2024\/03\/FLYER-HenghesCEF-5au-A5-212x300.webp 212w\" sizes=\"(max-width: 675px) 100vw, 675px\" \/>","_links":{"self":[{"href":"https:\/\/henghes.org\/wp-json\/wp\/v2\/pages\/27","targetHints":{"allow":["GET"]}}],"collection":[{"href":"https:\/\/henghes.org\/wp-json\/wp\/v2\/pages"}],"about":[{"href":"https:\/\/henghes.org\/wp-json\/wp\/v2\/types\/page"}],"author":[{"embeddable":true,"href":"https:\/\/henghes.org\/wp-json\/wp\/v2\/users\/1"}],"replies":[{"embeddable":true,"href":"https:\/\/henghes.org\/wp-json\/wp\/v2\/comments?post=27"}],"version-history":[{"count":22,"href":"https:\/\/henghes.org\/wp-json\/wp\/v2\/pages\/27\/revisions"}],"predecessor-version":[{"id":79,"href":"https:\/\/henghes.org\/wp-json\/wp\/v2\/pages\/27\/revisions\/79"}],"wp:attachment":[{"href":"https:\/\/henghes.org\/wp-json\/wp\/v2\/media?parent=27"}],"curies":[{"name":"wp","href":"https:\/\/api.w.org\/{rel}","templated":true}]}}